{"id":825,"date":"2021-01-23T12:28:07","date_gmt":"2021-01-23T12:28:07","guid":{"rendered":"http:\/\/www.seitinger.cc\/?page_id=825"},"modified":"2025-05-18T21:02:34","modified_gmt":"2025-05-18T21:02:34","slug":"gallery-2","status":"publish","type":"page","link":"https:\/\/www.seitinger.cc\/?page_id=825","title":{"rendered":"Die Kunst der Kunst"},"content":{"rendered":"\n<p><strong>Im Dritten Reich <\/strong>wurden Tausende von K\u00fcnstlern, Intellektuellen und Wissenschaftlern aufgrund ihrer politischen \u00dcberzeugungen, ethnischen Zugeh\u00f6rigkeit oder anderer Merkmale verfolgt, vertrieben oder ermordet. Es ist schwierig, genaue Zahlen zu nennen, da die Verfolgung in vielen F\u00e4llen systematisch und in unterschiedlichen Formen stattfand.<\/p>\n\n\n\n<p>Viele von Ihnen wurden in Konzentrationslager deportiert oder mussten ins Exil fliehen.<\/p>\n\n\n\n<p>Die Verfolgung und Ermordung dieser Gruppen hatten verheerende Auswirkungen auf die Kultur und Wissenschaft in \u00d6sterreich, Europa und dar\u00fcber hinaus.<\/p>\n\n\n\n<p>Insgesamt betrachtet, sehen totalit\u00e4re Regime, deren Vertreter und Bef\u00fcrworter, Individualismus als potenzielle Bedrohung f\u00fcr ihre Macht, Stabilit\u00e4t und die von ihnen propagierte Ideologie. Daher versuchen sie, individuelle Freiheiten zu unterdr\u00fccken und eine konforme Gesellschaft zu schaffen. Totalit\u00e4re Systeme f\u00f6rdern in der Regel eine Ideologie, die das Kollektiv \u00fcber das Individuum stellt. Sie glauben, dass das Wohl des Staates oder der Nation \u00fcber pers\u00f6nlichen Freiheiten und individuellen Rechten steht. Individualisten, die eigene Gedanken und \u00dcberzeugungen vertreten, k\u00f6nnen als Bedrohung f\u00fcr diese kollektive Einheit angesehen werden. Solche Regime streben nach Kontrolle \u00fcber alle Aspekte des Lebens, einschlie\u00dflich der Gedanken und Meinungen der B\u00fcrger. Individualisten, die eigene Ansichten und Lebensstile pflegen, k\u00f6nnen die Homogenit\u00e4t gef\u00e4hrden, die solche Staatssysteme anstreben. Eine homogene Gesellschaft ist f\u00fcr sie leichter zu kontrollieren. Totalit\u00e4re Systeme neigen dazu, Abweichungen von der Norm zu bestrafen. Individualisten, die sich nicht an die vorgegebenen Normen halten, k\u00f6nnen als Bedrohung angesehen werden, was zu Verfolgung, Zensur oder Schlimmerem f\u00fchren kann.<\/p>\n\n\n\n<p><\/p>\n\n\n\n<p>Freiheit der Kunst<\/p>\n\n\n\n<p><\/p>\n\n\n\n<figure class=\"wp-block-image size-full\"><a href=\"https:\/\/www.seitinger.cc\/wp-content\/uploads\/2024\/01\/IMG_1197.jpg\"><img loading=\"lazy\" decoding=\"async\" width=\"640\" height=\"480\" src=\"https:\/\/www.seitinger.cc\/wp-content\/uploads\/2024\/01\/IMG_1197.jpg\" alt=\"\" class=\"wp-image-1825\" srcset=\"https:\/\/www.seitinger.cc\/wp-content\/uploads\/2024\/01\/IMG_1197.jpg 640w, https:\/\/www.seitinger.cc\/wp-content\/uploads\/2024\/01\/IMG_1197-300x225.jpg 300w\" sizes=\"(max-width: 640px) 100vw, 640px\" \/><\/a><\/figure>\n\n\n\n<p><\/p>\n\n\n\n<p><strong>KUNST <\/strong><\/p>\n\n\n\n<p><\/p>\n\n\n\n<p>Kunstwerke werden zumeist mit dem Ziel geschaffen, Emotionen hervorzurufen, Gedanken anzuregen oder eine tiefere Bedeutung zu vermitteln und k\u00f6nnen selbstverst\u00e4ndlich verschiedenste Formen und Stile annehmen, sowohl innovativ als auch provokant. Damit reflektieren K\u00fcnstler ihre Perspektiven, Erfahrungen oder gesellschaftliche Themen.Kunstwerke werden oft kritisch betrachtet und analysiert und k\u00f6nnen unterschiedlichste Interpretationen und Reaktionen hervorrufen.<\/p>\n\n\n\n<p><\/p>\n\n\n\n<figure class=\"wp-block-image size-full\"><a href=\"https:\/\/www.seitinger.cc\/wp-content\/uploads\/2025\/01\/cropped-A-IMG_3972.jpg\"><img loading=\"lazy\" decoding=\"async\" width=\"640\" height=\"350\" src=\"https:\/\/www.seitinger.cc\/wp-content\/uploads\/2025\/01\/cropped-A-IMG_3972.jpg\" alt=\"\" class=\"wp-image-1896\" srcset=\"https:\/\/www.seitinger.cc\/wp-content\/uploads\/2025\/01\/cropped-A-IMG_3972.jpg 640w, https:\/\/www.seitinger.cc\/wp-content\/uploads\/2025\/01\/cropped-A-IMG_3972-300x164.jpg 300w, https:\/\/www.seitinger.cc\/wp-content\/uploads\/2025\/01\/cropped-A-IMG_3972-600x328.jpg 600w\" sizes=\"(max-width: 640px) 100vw, 640px\" \/><\/a><\/figure>\n\n\n\n<p><\/p>\n\n\n\n<p><strong>KITSCH<\/strong><\/p>\n\n\n\n<p>Kitsch wird h\u00e4ufig als massenhaft konsumierbar betrachtet und spricht ein breites Publikum an ohne tiefere Auseinandersetzungen zu erfordern. Er wird als oberfl\u00e4chlich und trivial wahrgenommen und zielt h\u00e4ufig darauf ab, sofortige, einfache Emotionen hervorzurufen, ohne tiefere Reflexion oder Bedeutung. Kitsch hat oft eine \u00fcbertriebene, sentimentalische und klischeehafte \u00c4sthetik, da er sich h\u00e4ufig einfacher, gef\u00e4lliger Formen und Farben, die auf breite Zustimmung abzielen, bedient.<\/p>\n\n\n\n<p><\/p>\n\n\n\n<p>Freiheit dem Kitsch<\/p>\n\n\n\n<p><\/p>\n\n\n\n<figure class=\"wp-block-image size-full\"><a href=\"https:\/\/www.seitinger.cc\/wp-content\/uploads\/2021\/01\/IMG_1760-1-scaled.jpg\"><img loading=\"lazy\" decoding=\"async\" width=\"1920\" height=\"2560\" src=\"https:\/\/www.seitinger.cc\/wp-content\/uploads\/2021\/01\/IMG_1760-1-scaled.jpg\" alt=\"\" class=\"wp-image-1196\" srcset=\"https:\/\/www.seitinger.cc\/wp-content\/uploads\/2021\/01\/IMG_1760-1-scaled.jpg 1920w, https:\/\/www.seitinger.cc\/wp-content\/uploads\/2021\/01\/IMG_1760-1-225x300.jpg 225w, https:\/\/www.seitinger.cc\/wp-content\/uploads\/2021\/01\/IMG_1760-1-768x1024.jpg 768w, https:\/\/www.seitinger.cc\/wp-content\/uploads\/2021\/01\/IMG_1760-1-1152x1536.jpg 1152w, https:\/\/www.seitinger.cc\/wp-content\/uploads\/2021\/01\/IMG_1760-1-1536x2048.jpg 1536w\" sizes=\"(max-width: 1920px) 100vw, 1920px\" \/><\/a><\/figure>\n\n\n\n<p><\/p>\n\n\n\n<p><strong>Conclusio <\/strong><\/p>\n\n\n\n<p>Sowohl Kunst als auch Kitsch k\u00f6nnen bei Menschen definitiv Gl\u00fccksgef\u00fchle hervorrufen.<\/p>\n\n\n\n<p>Kitsch kann nostalgische Gef\u00fchle und Erinnerungen an die Kindheit oder an besondere Momente im Leben hervorrufen, die jemandem ein eigenes Gef\u00fchl von Geborgenheit und Freude vermitteln, ohne da\u00df sie eine tiefere Analyse erfordern und es einem m\u00f6glich macht aus der momentanen Realit\u00e4t zu fl\u00fcchten um sich in einer heiteren Atmosph\u00e4re wiederzufinden, die entspannend und gl\u00fccklich machend sein kann.<\/p>\n\n\n\n<p>Kunst kann f\u00fcr viele Menschen eine Quelle der Freude, Inspiration und emotionaler Erf\u00fcllung sein und positive Gef\u00fchle hervorrufen, Erinnerungen wecken und als Ausdruck von Kreativit\u00e4t dienen.Kunst sollte helfen Stress abzubauen, Emotionen zu verarbeiten und ein Gef\u00fchl der Gemeinschaft zu schaffen. Kunst hat oft die F\u00e4higkeit tiefere Emotionen anzusprechen, da viele Kunstwerke schwierige oder schmerzhafte Themen wie Verlust, Trauer, Angst, soziale Ungerechtigkeit oder existenzielle Fragen behandeln.<\/p>\n\n\n\n<p><\/p>\n\n\n\n<p>Freiheit der Freiheit<\/p>\n\n\n\n<p><\/p>\n\n\n\n<figure class=\"wp-block-image size-full\"><a href=\"https:\/\/www.seitinger.cc\/wp-content\/uploads\/2014\/11\/summerrain-in-istanbul.jpg\"><img loading=\"lazy\" decoding=\"async\" width=\"647\" height=\"960\" src=\"https:\/\/www.seitinger.cc\/wp-content\/uploads\/2014\/11\/summerrain-in-istanbul.jpg\" alt=\"\" class=\"wp-image-473\" srcset=\"https:\/\/www.seitinger.cc\/wp-content\/uploads\/2014\/11\/summerrain-in-istanbul.jpg 647w, https:\/\/www.seitinger.cc\/wp-content\/uploads\/2014\/11\/summerrain-in-istanbul-202x300.jpg 202w\" sizes=\"(max-width: 647px) 100vw, 647px\" \/><\/a><\/figure>\n\n\n\n<p><\/p>\n\n\n\n<p><strong>Die Reaktion auf Kunst oder Kitsch ist nat\u00fcrlich subjektiv und h\u00e4ngt verst\u00e4rkt vom individuellen Hintergrund, den Erfahrungen und der kulturellen Pr\u00e4gung jedes Einzelnen ab.<\/strong><\/p>\n\n\n\n<p><\/p>\n\n\n\n<figure class=\"wp-block-image size-full is-resized\"><a href=\"https:\/\/www.seitinger.cc\/wp-content\/uploads\/2025\/01\/A-am-Platsch-2024.jpg\"><img loading=\"lazy\" decoding=\"async\" width=\"640\" height=\"480\" src=\"https:\/\/www.seitinger.cc\/wp-content\/uploads\/2025\/01\/A-am-Platsch-2024.jpg\" alt=\"\" class=\"wp-image-1955\" style=\"width:1170px;height:auto\" srcset=\"https:\/\/www.seitinger.cc\/wp-content\/uploads\/2025\/01\/A-am-Platsch-2024.jpg 640w, https:\/\/www.seitinger.cc\/wp-content\/uploads\/2025\/01\/A-am-Platsch-2024-300x225.jpg 300w, https:\/\/www.seitinger.cc\/wp-content\/uploads\/2025\/01\/A-am-Platsch-2024-600x450.jpg 600w\" sizes=\"(max-width: 640px) 100vw, 640px\" \/><\/a><\/figure>\n\n\n\n<p>Manfred Seitinger <\/p>\n\n\n\n<p><\/p>\n\n\n\n<p>Bild an der Wand von       <a href=\"https:\/\/alexandertadesse.com\" data-type=\"link\" data-id=\"https:\/\/alexandertadesse.com\">https:\/\/alexandertadesse.com<\/a><\/p>\n\n\n\n<figure class=\"wp-block-image size-large\"><a href=\"https:\/\/www.seitinger.cc\/wp-content\/uploads\/2025\/02\/A-Gartenzwerg.jpg\"><img loading=\"lazy\" decoding=\"async\" width=\"768\" height=\"1024\" src=\"https:\/\/www.seitinger.cc\/wp-content\/uploads\/2025\/02\/A-Gartenzwerg-768x1024.jpg\" alt=\"\" class=\"wp-image-2086\" srcset=\"https:\/\/www.seitinger.cc\/wp-content\/uploads\/2025\/02\/A-Gartenzwerg-768x1024.jpg 768w, https:\/\/www.seitinger.cc\/wp-content\/uploads\/2025\/02\/A-Gartenzwerg-225x300.jpg 225w, https:\/\/www.seitinger.cc\/wp-content\/uploads\/2025\/02\/A-Gartenzwerg-450x600.jpg 450w, https:\/\/www.seitinger.cc\/wp-content\/uploads\/2025\/02\/A-Gartenzwerg.jpg 1024w\" sizes=\"(max-width: 768px) 100vw, 768px\" \/><\/a><\/figure>\n\n\n\n<p><\/p>\n\n\n\n<figure class=\"wp-block-image size-large\"><a href=\"https:\/\/www.seitinger.cc\/wp-content\/uploads\/2025\/02\/A-Garten-9.jpg\"><img loading=\"lazy\" decoding=\"async\" width=\"768\" height=\"1024\" src=\"https:\/\/www.seitinger.cc\/wp-content\/uploads\/2025\/02\/A-Garten-9-768x1024.jpg\" alt=\"\" class=\"wp-image-2088\" srcset=\"https:\/\/www.seitinger.cc\/wp-content\/uploads\/2025\/02\/A-Garten-9-768x1024.jpg 768w, https:\/\/www.seitinger.cc\/wp-content\/uploads\/2025\/02\/A-Garten-9-225x300.jpg 225w, https:\/\/www.seitinger.cc\/wp-content\/uploads\/2025\/02\/A-Garten-9-450x600.jpg 450w, https:\/\/www.seitinger.cc\/wp-content\/uploads\/2025\/02\/A-Garten-9.jpg 1024w\" sizes=\"(max-width: 768px) 100vw, 768px\" \/><\/a><\/figure>\n\n\n\n<p><\/p>\n\n\n\n<p><\/p>\n\n\n\n<p class=\"has-neve-link-color-color has-text-color has-large-font-size\"><\/p>\n\n\n\n<p><\/p>\n\n\n\n<p><\/p>\n\n\n\n<p class=\"has-very-dark-gray-color has-text-color has-large-font-size\"><\/p>\n\n\n\n<p><\/p>\n\n\n\n<p class=\"has-very-dark-gray-color has-text-color has-large-font-size\"><\/p>\n\n\n\n<p class=\"has-very-dark-gray-color has-text-color has-large-font-size\"><\/p>\n\n\n\n<p><\/p>\n\n\n\n<p class=\"has-very-dark-gray-color has-text-color has-large-font-size\" style=\"font-style:normal;font-weight:400\"><\/p>\n\n\n\n<p class=\"has-very-dark-gray-color has-text-color has-large-font-size\"><\/p>\n\n\n\n<p class=\"has-very-dark-gray-color has-text-color has-large-font-size\"><\/p>\n\n\n\n<p><\/p>\n\n\n\n<pre class=\"wp-block-preformatted\"><\/pre>\n\n\n\n<p><\/p>\n","protected":false},"excerpt":{"rendered":"<p>Im Dritten Reich wurden Tausende von K\u00fcnstlern, Intellektuellen und Wissenschaftlern aufgrund ihrer politischen \u00dcberzeugungen, ethnischen Zugeh\u00f6rigkeit oder anderer Merkmale verfolgt, vertrieben oder ermordet. Es ist schwierig, genaue Zahlen zu nennen, da die Verfolgung in vielen F\u00e4llen systematisch und in unterschiedlichen Formen stattfand. Viele von Ihnen wurden in Konzentrationslager deportiert oder mussten ins Exil fliehen. Die [&hellip;]<\/p>\n","protected":false},"author":1,"featured_media":1224,"parent":0,"menu_order":6,"comment_status":"closed","ping_status":"closed","template":"","meta":{"two_page_speed":[],"footnotes":""},"_links":{"self":[{"href":"https:\/\/www.seitinger.cc\/index.php?rest_route=\/wp\/v2\/pages\/825"}],"collection":[{"href":"https:\/\/www.seitinger.cc\/index.php?rest_route=\/wp\/v2\/pages"}],"about":[{"href":"https:\/\/www.seitinger.cc\/index.php?rest_route=\/wp\/v2\/types\/page"}],"author":[{"embeddable":true,"href":"https:\/\/www.seitinger.cc\/index.php?rest_route=\/wp\/v2\/users\/1"}],"replies":[{"embeddable":true,"href":"https:\/\/www.seitinger.cc\/index.php?rest_route=%2Fwp%2Fv2%2Fcomments&post=825"}],"version-history":[{"count":68,"href":"https:\/\/www.seitinger.cc\/index.php?rest_route=\/wp\/v2\/pages\/825\/revisions"}],"predecessor-version":[{"id":2245,"href":"https:\/\/www.seitinger.cc\/index.php?rest_route=\/wp\/v2\/pages\/825\/revisions\/2245"}],"wp:featuredmedia":[{"embeddable":true,"href":"https:\/\/www.seitinger.cc\/index.php?rest_route=\/wp\/v2\/media\/1224"}],"wp:attachment":[{"href":"https:\/\/www.seitinger.cc\/index.php?rest_route=%2Fwp%2Fv2%2Fmedia&parent=825"}],"curies":[{"name":"wp","href":"https:\/\/api.w.org\/{rel}","templated":true}]}}